{"id":492,"date":"2023-07-02T19:26:53","date_gmt":"2023-07-02T17:26:53","guid":{"rendered":"http:\/\/srdcebit.com\/?page_id=492"},"modified":"2023-07-02T19:26:53","modified_gmt":"2023-07-02T17:26:53","slug":"astropsychologie","status":"publish","type":"page","link":"https:\/\/srdcebit.com\/index.php\/astropsychologie\/","title":{"rendered":"Astropsychologie"},"content":{"rendered":"\n<h3 class=\"wp-block-heading has-text-align-center\" id=\"wnd_TextBlock_139591768_inner_0\">P\u0159ijm\u011bte sami sebe a nau\u010dte se s pochopen\u00edm nahl\u00ed\u017eet na druh\u00e9 i na situace, kter\u00e9 V\u00e1m \u017eivot p\u0159in\u00e1\u0161\u00ed.<\/h3>\n\n\n\n<h3 class=\"wp-block-heading has-text-align-center\" id=\"wnd_TextBlock_139591768_inner_0\"><a href=\"https:\/\/d37d9870e4.clvaw-cdnwnd.com\/f9bb7958411a8ad8ff6f987b7c108d33\/200000065-4912449126\/istockphoto-1158988284-612x612.jpg?ph=d37d9870e4\"><\/a><a href=\"https:\/\/d37d9870e4.clvaw-cdnwnd.com\/f9bb7958411a8ad8ff6f987b7c108d33\/200000064-93a2393a26\/istockphoto-1345829517-612x612.jpg?ph=d37d9870e4\"><\/a><\/h3>\n\n\n\n<figure class=\"wp-block-gallery has-nested-images columns-default is-cropped wp-block-gallery-1 is-layout-flex wp-block-gallery-is-layout-flex\">\n<figure class=\"wp-block-image size-large\"><img loading=\"lazy\" decoding=\"async\" width=\"612\" height=\"383\" data-id=\"475\" src=\"http:\/\/srdcebit.com\/wp-content\/uploads\/2023\/07\/istockphoto-1158988284-612x612-1.jpg\" alt=\"\" class=\"wp-image-475\" srcset=\"https:\/\/srdcebit.com\/wp-content\/uploads\/2023\/07\/istockphoto-1158988284-612x612-1.jpg 612w, https:\/\/srdcebit.com\/wp-content\/uploads\/2023\/07\/istockphoto-1158988284-612x612-1-300x188.jpg 300w\" sizes=\"auto, (max-width: 612px) 100vw, 612px\" \/><\/figure>\n\n\n\n<figure class=\"wp-block-image size-large\"><img loading=\"lazy\" decoding=\"async\" width=\"612\" height=\"407\" data-id=\"493\" src=\"http:\/\/srdcebit.com\/wp-content\/uploads\/2023\/07\/istockphoto-1345829517-612x612-1.jpg\" alt=\"\" class=\"wp-image-493\" srcset=\"https:\/\/srdcebit.com\/wp-content\/uploads\/2023\/07\/istockphoto-1345829517-612x612-1.jpg 612w, https:\/\/srdcebit.com\/wp-content\/uploads\/2023\/07\/istockphoto-1345829517-612x612-1-300x200.jpg 300w\" sizes=\"auto, (max-width: 612px) 100vw, 612px\" \/><\/figure>\n\n\n\n<figure class=\"wp-block-image size-large\"><img loading=\"lazy\" decoding=\"async\" width=\"612\" height=\"408\" data-id=\"494\" src=\"http:\/\/srdcebit.com\/wp-content\/uploads\/2023\/07\/istockphoto-1353825708-612x612-1.jpg\" alt=\"\" class=\"wp-image-494\" srcset=\"https:\/\/srdcebit.com\/wp-content\/uploads\/2023\/07\/istockphoto-1353825708-612x612-1.jpg 612w, https:\/\/srdcebit.com\/wp-content\/uploads\/2023\/07\/istockphoto-1353825708-612x612-1-300x200.jpg 300w\" sizes=\"auto, (max-width: 612px) 100vw, 612px\" \/><\/figure>\n<\/figure>\n\n\n\n<p>Astropsychologick\u00fd rozbor je n\u00e1stroj, kter\u00fd pom\u00e1h\u00e1 \u010dlov\u011bku pochopit s\u00e1m sebe, p\u0159ijmout sv\u00e9 vrozen\u00e9 dispozice a \u017e\u00edt sv\u016fj \u017eivot naplno se v\u0161\u00edm, co p\u0159in\u00e1\u0161\u00ed. Umo\u017e\u0148uje odhalit osobn\u00ed sklony, postoje, tendence reagovat ur\u010dit\u00fdm zp\u016fsobem, ale tak\u00e9 vlohy, kritick\u00e1 m\u00edsta i hlavn\u00ed oblasti, ve kter\u00fdch bude sb\u00edrat \u017eivotn\u00ed zku\u0161enosti. Je v n\u011bm tak\u00e9 patrn\u00fd aktu\u00e1ln\u00ed psychick\u00fd v\u00fdvoj osobnosti.<\/p>\n\n\n\n<p>Na z\u00e1klad\u011b anal\u00fdzy horoskopu zrozen\u00ed lze odhalit na\u0161e p\u0159edpojatosti, zp\u016fsob, jak\u00fdm nahl\u00ed\u017e\u00edme na sv\u011bt i na sebe sama. M\u016f\u017eeme zjistit tendence opakovat jist\u00e9 vzorce chov\u00e1n\u00ed, rozd\u011blovat a p\u0159en\u00e1\u0161et role. Seberozvoj pomoc\u00ed astropsychologie tak umo\u017e\u0148uje v\u011bdom\u011b pracovat na sv\u00fdch stinn\u00fdch str\u00e1nk\u00e1ch, traumatech \u010di nezdrav\u00fdch postoj\u00edch. D\u00e1 se s n\u00edm tak\u00e9 nahl\u00e9dnout na partnersk\u00fd horoskop, horoskop vztahu anebo jakoukoli jinou \u017eivotn\u00ed oblast, kterou by cht\u011bl \u010dlov\u011bk zpracovat.<\/p>\n\n\n\n<hr class=\"wp-block-separator has-alpha-channel-opacity\"\/>\n\n\n\n<h3 class=\"wp-block-heading\">Kdy dok\u00e1\u017ee pomoci?<\/h3>\n\n\n\n<ul class=\"wp-block-list\">\n<li>slo\u017eit\u00e9 \u017eivotn\u00ed situace:&nbsp; &nbsp; &nbsp; &nbsp; &nbsp; &nbsp; &nbsp; opakuj\u00edc\u00ed se ud\u00e1losti, nezdrav\u00e9 vztahy, pot\u00ed\u017ee s partnery, rodi\u010di \u010di d\u011btmi<\/li>\n\n\n\n<li>hled\u00e1n\u00ed \u017eivotn\u00ed cesty:&nbsp; &nbsp; &nbsp; &nbsp; &nbsp; &nbsp; &nbsp; &nbsp; nerozhodnost, nest\u00e1lost, nenapln\u011bnost, nalezen\u00ed pracovn\u00edch dispozic<\/li>\n\n\n\n<li>hled\u00e1n\u00ed sebehodnoty:&nbsp; &nbsp; &nbsp; &nbsp; &nbsp; &nbsp; &nbsp; &nbsp;pocity m\u00e9n\u011bcennosti, nedostatek sebel\u00e1sky \u010di seberealizace<\/li>\n\n\n\n<li>citov\u00e1 nevyrovnanost:&nbsp; &nbsp; &nbsp; &nbsp; &nbsp; &nbsp; &nbsp; emo\u010dn\u00ed pot\u0159eby v pr\u016fb\u011bhu \u017eivota, motivy citov\u00e9 napln\u011bnosti<\/li>\n\n\n\n<li>zdravotn\u00ed dispozice:&nbsp; &nbsp; &nbsp; &nbsp; &nbsp; &nbsp; &nbsp; &nbsp; &nbsp;fyzick\u00e9 a ment\u00e1ln\u00ed dispozice, sklony ke zran\u011bn\u00ed a zdravotn\u00edm obt\u00ed\u017e\u00edm<\/li>\n\n\n\n<li>u d\u011bt\u00ed :&nbsp; &nbsp; &nbsp; &nbsp; &nbsp; &nbsp; &nbsp; &nbsp; &nbsp; &nbsp; &nbsp; &nbsp; &nbsp; &nbsp; &nbsp; &nbsp; &nbsp; &nbsp; &nbsp; &nbsp; p\u0159\u00edstup ve v\u00fdchov\u011b, vhodn\u00fd styl v\u00fduky, pochopen\u00ed d\u011btsk\u00fdch pot\u0159eb<\/li>\n<\/ul>\n\n\n\n<p>&nbsp; &nbsp; &nbsp; &nbsp; &nbsp; &nbsp; &nbsp; &nbsp; &nbsp; &nbsp; &nbsp; &nbsp; &nbsp; &nbsp; &nbsp; &nbsp; &nbsp; &nbsp; &nbsp; &nbsp; &nbsp; &nbsp; &nbsp; &nbsp;&nbsp;&nbsp; &nbsp;&#8230;a v mnoha dal\u0161\u00edch p\u0159\u00edpadech<\/p>\n\n\n\n<hr class=\"wp-block-separator has-alpha-channel-opacity\"\/>\n\n\n\n<h3 class=\"wp-block-heading\">A jak to d\u011bl\u00e1m j\u00e1?<\/h3>\n\n\n\n<p>K sestaven\u00ed astropsychologick\u00e9ho rozboru z horoskopu zrozen\u00ed je zapot\u0159eb\u00ed zn\u00e1t informace o p\u0159esn\u00e9m&nbsp;<strong><em>datu<\/em><\/strong>,&nbsp;<strong><em>\u010dase<\/em>&nbsp;<\/strong>a&nbsp;<strong><em>m\u00edstu<\/em><\/strong>&nbsp;narozen\u00ed. P\u0159esn\u00fd \u010das narozen\u00ed lze zjistit v porodnici nebo prost\u0159ednictv\u00edm \u017e\u00e1dosti na m\u00edstn\u011b p\u0159\u00edslu\u0161n\u00fd magistr\u00e1t, p\u0159\u00edpadn\u011b lze vytestovat pomoc\u00ed kineziologie \u010di jin\u00e9 alternativn\u00ed metody.<\/p>\n\n\n\n<p><strong>Konzultace<\/strong>:<\/p>\n\n\n\n<p>Sezen\u00ed s klientem v d\u00e9lce zhruba 90 minut prob\u00edh\u00e1 formou rozhovoru, kter\u00fd je v p\u0159\u00edpad\u011b z\u00e1jmu mo\u017en\u00e9 nahr\u00e1t. \u00dastn\u00ed rozhovor je v\u017edy \u00fa\u010dinn\u011bj\u0161\u00ed ne\u017e p\u00edsemn\u00fd rozbor, proto\u017ee je osobn\u00ed, lze p\u0159i n\u011bm odhalit v\u00edce detail\u016f, zam\u011b\u0159it se na klientovu aktu\u00e1ln\u00ed situaci a zejm\u00e9na je zde prostor na cokoli se doptat.<\/p>\n\n\n\n<p><strong>P\u00edsemn\u00fd rozbor<\/strong>:&nbsp;<\/p>\n\n\n\n<p>Vhodn\u00fd d\u00e1rek k narozenin\u00e1m, svatb\u011b nebo narozen\u00ed d\u011b\u0165\u00e1tka. Rozsah rozboru je cca 10 stran A4 a obsahuje zejm\u00e9na n\u00e1hled do oblast\u00ed \u017eivota, ve kter\u00fdch se maj\u00ed odehr\u00e1vat d\u016fle\u017eit\u00e9 momenty. Vystihuje z\u00e1kladn\u00ed \u017eivotn\u00ed dispozice a ukazuje \u00faskal\u00ed, kter\u00e1 mohou nastat, pokud \u010dlov\u011bk nevyu\u017e\u00edv\u00e1 sv\u016fj potenci\u00e1l. D\u00e1rkov\u00e9 balen\u00ed je dopln\u011bno o grafick\u00e9 zn\u00e1zorn\u011bn\u00ed radixu&nbsp;(horoskopu zrozen\u00ed).<\/p>\n","protected":false},"excerpt":{"rendered":"<p>P\u0159ijm\u011bte sami sebe a nau\u010dte se s pochopen\u00edm nahl\u00ed\u017eet na druh\u00e9 i na situace, kter\u00e9 V\u00e1m \u017eivot p\u0159in\u00e1\u0161\u00ed&#8230;.<\/p>\n","protected":false},"author":1,"featured_media":475,"parent":0,"menu_order":0,"comment_status":"closed","ping_status":"closed","template":"","meta":{"footnotes":""},"class_list":["post-492","page","type-page","status-publish","has-post-thumbnail"],"_links":{"self":[{"href":"https:\/\/srdcebit.com\/index.php\/wp-json\/wp\/v2\/pages\/492","targetHints":{"allow":["GET"]}}],"collection":[{"href":"https:\/\/srdcebit.com\/index.php\/wp-json\/wp\/v2\/pages"}],"about":[{"href":"https:\/\/srdcebit.com\/index.php\/wp-json\/wp\/v2\/types\/page"}],"author":[{"embeddable":true,"href":"https:\/\/srdcebit.com\/index.php\/wp-json\/wp\/v2\/users\/1"}],"replies":[{"embeddable":true,"href":"https:\/\/srdcebit.com\/index.php\/wp-json\/wp\/v2\/comments?post=492"}],"version-history":[{"count":1,"href":"https:\/\/srdcebit.com\/index.php\/wp-json\/wp\/v2\/pages\/492\/revisions"}],"predecessor-version":[{"id":495,"href":"https:\/\/srdcebit.com\/index.php\/wp-json\/wp\/v2\/pages\/492\/revisions\/495"}],"wp:featuredmedia":[{"embeddable":true,"href":"https:\/\/srdcebit.com\/index.php\/wp-json\/wp\/v2\/media\/475"}],"wp:attachment":[{"href":"https:\/\/srdcebit.com\/index.php\/wp-json\/wp\/v2\/media?parent=492"}],"curies":[{"name":"wp","href":"https:\/\/api.w.org\/{rel}","templated":true}]}}