{"id":490,"date":"2023-07-02T19:24:10","date_gmt":"2023-07-02T17:24:10","guid":{"rendered":"http:\/\/srdcebit.com\/?page_id=490"},"modified":"2023-07-02T19:24:10","modified_gmt":"2023-07-02T17:24:10","slug":"bachovy-kvetove-esence","status":"publish","type":"page","link":"https:\/\/srdcebit.com\/index.php\/bachovy-kvetove-esence\/","title":{"rendered":"Bachovy kv\u011btov\u00e9 esence"},"content":{"rendered":"\n<h3 class=\"wp-block-heading has-text-align-center\">Z\u00edskejte du\u0161evn\u00ed vyrovnanost, ulevte fyzick\u00fdm obt\u00ed\u017e\u00edm a p\u0159ekonejte slo\u017eit\u00e1 obdob\u00ed.<\/h3>\n\n\n\n<p>Bachovy kv\u011btov\u00e9 esence tvo\u0159\u00ed celkem 38 z\u00e1kladn\u00edch esenc\u00ed a 1 &#8220;krizov\u00e1&#8221; esence, kter\u00e1 je sm\u011bs\u00ed 5 jin\u00fdch. Z\u00edsk\u00e1vaj\u00ed se z nejedovat\u00fdch plan\u011b rostouc\u00edch kv\u011btin a strom\u016f.<\/p>\n\n\n\n<p>Tyto esence reprezentuj\u00ed 38 negativn\u00edch emocion\u00e1ln\u00edch stav\u016f a n\u00e1lad a d\u00e1 se z nich vytvo\u0159it 293 milion\u016f r\u016fzn\u00fdch individu\u00e1ln\u00edch kombinac\u00ed. Jejich unik\u00e1tnost spo\u010d\u00edv\u00e1 v tom, \u017ee dok\u00e1\u017e\u00ed respektovat u ka\u017ed\u00e9ho \u010dlov\u011bka to, co je pro n\u011bj specifick\u00e9. Ka\u017ed\u00fd klient tak obdr\u017e\u00ed lahvi\u010dku vytvo\u0159enou pro n\u011bj p\u0159esn\u011b na m\u00edru.<\/p>\n\n\n\n<p>Velkou v\u00fdhodou je, \u017ee je mohou u\u017e\u00edvat lid\u00e9 v\u0161ech v\u011bkov\u00fdch kategori\u00ed v\u010detn\u011b t\u011bhotn\u00fdch a d\u011bt\u00ed. Daj\u00ed se dokonce pou\u017e\u00edt i pro zv\u00ed\u0159ata a rostliny. Mohou se kombinovat s jakoukoli l\u00e9\u010dbou, pro jejich u\u017eit\u00ed v podstat\u011b neexistuje kontraindikace.<\/p>\n\n\n\n<p>Objevitelem Bachov\u00fdch esenc\u00ed byl anglick\u00fd l\u00e9ka\u0159, bakteriolog a homeopat Dr. Edward Bach (1886 &#8211; 1936), kter\u00fd pouk\u00e1zal na spojitost mezi ment\u00e1ln\u00edm a fyzick\u00fdm zdrav\u00edm. V\u011b\u0159il, \u017ee fyzick\u00e9 onemocn\u011bn\u00ed je v\u00fdsledkem emocion\u00e1ln\u00ed nerovnov\u00e1hy.&nbsp;<\/p>\n\n\n\n<hr class=\"wp-block-separator has-alpha-channel-opacity\"\/>\n\n\n\n<h3 class=\"wp-block-heading\">Kdy dok\u00e1\u017e\u00ed pomoci?<\/h3>\n\n\n\n<ul class=\"wp-block-list\">\n<li>negativn\u00ed emo\u010dn\u00ed stavy:&nbsp; &nbsp; &nbsp; &nbsp; &nbsp; &nbsp;deprese, strach, nedostatek sebed\u016fv\u011bry, nerozhodnost, \u017e\u00e1rlivost, vztek<\/li>\n\n\n\n<li>negativn\u00ed fyzick\u00e9 stavy:&nbsp; &nbsp; &nbsp; &nbsp; &nbsp; &nbsp; vy\u010derp\u00e1n\u00ed, \u00fanava, poruchy sp\u00e1nku<\/li>\n\n\n\n<li>negativn\u00ed stavy mysli:&nbsp; &nbsp; &nbsp; &nbsp; &nbsp; &nbsp; &nbsp; &nbsp;netolerantnost, kriti\u010dnost, nespokojenost, z\u00e1vislosti<\/li>\n\n\n\n<li>n\u00e1ro\u010dn\u00e9 \u017eivotn\u00ed obdob\u00ed:&nbsp; &nbsp; &nbsp; &nbsp; &nbsp; &nbsp;puberta, klimakterium, t\u011bhotenstv\u00ed, ..<\/li>\n\n\n\n<li>n\u00e1ro\u010dn\u00e9 \u017eivotn\u00ed situace:&nbsp; &nbsp; &nbsp; &nbsp; &nbsp; zkou\u0161ky, rozvod, svatba, \u00famrt\u00ed, &#8230;<\/li>\n\n\n\n<li>u d\u011bt\u00ed :&nbsp; &nbsp; &nbsp; &nbsp; &nbsp; &nbsp; &nbsp; &nbsp; &nbsp; &nbsp; &nbsp; &nbsp; &nbsp; &nbsp; &nbsp; &nbsp; &nbsp; &nbsp; &nbsp; &nbsp; vztek, stesk, \u00farazy, nemoci, poruchy sp\u00e1nku, tvrdohlavost,&nbsp; &nbsp; &nbsp; &nbsp; &nbsp; &nbsp; &nbsp; &nbsp; &nbsp; &nbsp; &nbsp; &nbsp; &nbsp; &nbsp; &nbsp; &nbsp; &nbsp; &nbsp; &nbsp; &nbsp; &nbsp; &nbsp; &nbsp; &nbsp; &nbsp; &nbsp; &nbsp; &nbsp; &nbsp; pot\u00ed\u017ee s u\u010den\u00edm, &#8230;<\/li>\n<\/ul>\n\n\n\n<p>&nbsp; &nbsp; &nbsp; &nbsp; &nbsp; &nbsp; &nbsp; &nbsp; &nbsp; &nbsp; &nbsp; &nbsp; &nbsp; &nbsp; &nbsp; &nbsp; &nbsp; &nbsp; &nbsp; &nbsp; &nbsp; &nbsp; &nbsp; &nbsp;&nbsp;&nbsp; &nbsp;&#8230;a v mnoha dal\u0161\u00edch p\u0159\u00edpadech<\/p>\n\n\n\n<hr class=\"wp-block-separator has-alpha-channel-opacity\"\/>\n\n\n\n<h3 class=\"wp-block-heading\">A jak to d\u011bl\u00e1m j\u00e1?<\/h3>\n\n\n\n<p>Nejprve prob\u00edh\u00e1 kr\u00e1tk\u00e1 konzultace, kter\u00e1 slou\u017e\u00ed k rozpozn\u00e1n\u00ed klientov\u00fdch obt\u00ed\u017e\u00ed, pochopen\u00ed jeho emoc\u00ed a \u017eivotn\u00ed situace, ve kter\u00e9 se nach\u00e1z\u00ed. Klient odch\u00e1z\u00ed s unik\u00e1tn\u00ed lahvi\u010dkou esenc\u00ed, sestavenou na m\u00edru p\u0159esn\u011b dle jeho pot\u0159eb. Konzultace je v p\u0159\u00edpad\u011b pot\u0159eby mo\u017en\u00e1 i telefonicky.<\/p>\n\n\n\n<p><strong>P\u0159\u00edprava<\/strong>:<\/p>\n\n\n\n<p>Esence m\u00edch\u00e1me dle klasick\u00e9ho zp\u016fsobu Dr. Bacha &#8211;&nbsp; 30 ml lahvi\u010dka obsahuje nepatrn\u00e9 mno\u017estv\u00ed alkoholu (kv\u016fli konzervaci), \u010distou pramenitou p\u0159eva\u0159enou vodu a kombinaci maxim\u00e1ln\u011b 7 esenc\u00ed. Vad\u00ed-li n\u011bkomu obsa\u017een\u00fd alkohol, lze esence nakapat do tepl\u00e9ho n\u00e1poje, aby se vypa\u0159il.<\/p>\n\n\n\n<p><strong>U\u017e\u00edv\u00e1n\u00ed<\/strong>:&nbsp;<\/p>\n\n\n\n<p>Obvykle se u\u017e\u00edvaj\u00ed min. 4 kapky esence 4x denn\u011b , esence lze nakapat p\u0159\u00edmo do \u00fast nebo do jak\u00e9hokoli n\u00e1poje, ve v\u00fdjime\u010dn\u00fdch p\u0159\u00edpadech lze sm\u011bs vt\u00edrat na z\u00e1p\u011bst\u00ed, skr\u00e1n\u011b nebo u\u0161n\u00ed boltce. P\u0159i doporu\u010den\u00e9m u\u017e\u00edv\u00e1n\u00ed lahvi\u010dka vydr\u017e\u00ed zhruba na 1 m\u011bs\u00edc. Esence lze u\u017e\u00edvat dlouhodob\u011b a slo\u017een\u00ed je mo\u017en\u00e9 m\u011bnit podle individu\u00e1ln\u00edch pot\u0159eb a stavu klienta.<\/p>\n\n\n<div class=\"wp-block-image\">\n<figure class=\"aligncenter size-large\"><img loading=\"lazy\" decoding=\"async\" width=\"819\" height=\"1024\" src=\"http:\/\/srdcebit.com\/wp-content\/uploads\/2023\/07\/357981650_761092165817243_3288658733985387875_n-819x1024.jpg\" alt=\"\" class=\"wp-image-471\" srcset=\"https:\/\/srdcebit.com\/wp-content\/uploads\/2023\/07\/357981650_761092165817243_3288658733985387875_n-819x1024.jpg 819w, https:\/\/srdcebit.com\/wp-content\/uploads\/2023\/07\/357981650_761092165817243_3288658733985387875_n-240x300.jpg 240w, https:\/\/srdcebit.com\/wp-content\/uploads\/2023\/07\/357981650_761092165817243_3288658733985387875_n-768x960.jpg 768w, https:\/\/srdcebit.com\/wp-content\/uploads\/2023\/07\/357981650_761092165817243_3288658733985387875_n-1229x1536.jpg 1229w, https:\/\/srdcebit.com\/wp-content\/uploads\/2023\/07\/357981650_761092165817243_3288658733985387875_n.jpg 1440w\" sizes=\"auto, (max-width: 819px) 100vw, 819px\" \/><\/figure>\n<\/div>","protected":false},"excerpt":{"rendered":"<p>Z\u00edskejte du\u0161evn\u00ed vyrovnanost, ulevte fyzick\u00fdm obt\u00ed\u017e\u00edm a p\u0159ekonejte slo\u017eit\u00e1 obdob\u00ed. Bachovy kv\u011btov\u00e9 esence tvo\u0159\u00ed celkem 38 z\u00e1kladn\u00edch esenc\u00ed&#8230;<\/p>\n","protected":false},"author":1,"featured_media":471,"parent":0,"menu_order":0,"comment_status":"closed","ping_status":"closed","template":"","meta":{"footnotes":""},"class_list":["post-490","page","type-page","status-publish","has-post-thumbnail"],"_links":{"self":[{"href":"https:\/\/srdcebit.com\/index.php\/wp-json\/wp\/v2\/pages\/490","targetHints":{"allow":["GET"]}}],"collection":[{"href":"https:\/\/srdcebit.com\/index.php\/wp-json\/wp\/v2\/pages"}],"about":[{"href":"https:\/\/srdcebit.com\/index.php\/wp-json\/wp\/v2\/types\/page"}],"author":[{"embeddable":true,"href":"https:\/\/srdcebit.com\/index.php\/wp-json\/wp\/v2\/users\/1"}],"replies":[{"embeddable":true,"href":"https:\/\/srdcebit.com\/index.php\/wp-json\/wp\/v2\/comments?post=490"}],"version-history":[{"count":1,"href":"https:\/\/srdcebit.com\/index.php\/wp-json\/wp\/v2\/pages\/490\/revisions"}],"predecessor-version":[{"id":491,"href":"https:\/\/srdcebit.com\/index.php\/wp-json\/wp\/v2\/pages\/490\/revisions\/491"}],"wp:featuredmedia":[{"embeddable":true,"href":"https:\/\/srdcebit.com\/index.php\/wp-json\/wp\/v2\/media\/471"}],"wp:attachment":[{"href":"https:\/\/srdcebit.com\/index.php\/wp-json\/wp\/v2\/media?parent=490"}],"curies":[{"name":"wp","href":"https:\/\/api.w.org\/{rel}","templated":true}]}}