{"id":487,"date":"2023-07-02T19:21:58","date_gmt":"2023-07-02T17:21:58","guid":{"rendered":"http:\/\/srdcebit.com\/?page_id=487"},"modified":"2023-07-03T21:04:17","modified_gmt":"2023-07-03T19:04:17","slug":"kineziologie","status":"publish","type":"page","link":"https:\/\/srdcebit.com\/index.php\/kineziologie\/","title":{"rendered":"Kineziologie"},"content":{"rendered":"\n<h3 class=\"wp-block-heading has-text-align-center\">Poj\u010fme spole\u010dn\u011b odblokovat p\u0159\u00ed\u010dinu va\u0161ich sou\u010dasn\u00fdch obt\u00ed\u017e\u00ed&#8230;<\/h3>\n\n\n\n<p>Kineziologie One Brain je nen\u00e1siln\u00e1 terapeutick\u00e1 metoda, kter\u00e1 dok\u00e1\u017ee pomoci&nbsp; p\u0159i \u0159e\u0161en\u00ed jak\u00e9hokoli fyzick\u00e9ho, psychick\u00e9ho, vztahov\u00e9ho nebo jin\u00e9ho probl\u00e9mu. Prost\u0159ednictv\u00edm svalov\u00e9ho testu identifikuje, kde je j\u00e1dro klientov\u00fdch obt\u00ed\u017e\u00ed. Terapeut pak klienta jemn\u011b prov\u00e1z\u00ed odblokem, kter\u00fd prov\u00e1d\u00ed pomoc\u00ed specifick\u00fdch korek\u010dn\u00edch technik.&nbsp;<\/p>\n\n\n\n<p>Tuto metodu p\u016fvodn\u011b vypracoval Gordon Stokes a Daniel Whitesid v 60. letech minul\u00e9ho stolet\u00ed a p\u016fvodn\u011b byla ur\u010dena pro odstra\u0148ov\u00e1n\u00ed dyslexie a poruch u\u010den\u00ed. Jej\u00ed z\u00e1klad je v tradi\u010dn\u00ed asijsk\u00e9 medic\u00edn\u011b, kterou propojuje s poznatky psychoterapie a z\u00e1padn\u00ed medic\u00edny. Dnes je hojn\u011b vyu\u017e\u00edvan\u00fdm n\u00e1strojem \u0159ady psychoterapeut\u016f a psycholog\u016f. Ve Spojen\u00fdch st\u00e1tech, Nizozemsku a Ma\u010farsku ji dokonce hrad\u00ed zdravotn\u00ed poji\u0161\u0165ovny.<\/p>\n\n\n\n<p>Kineziologie pracuje s negativn\u00edmi emocemi, kter\u00e9 prov\u00e1zely a zp\u016fsobily p\u0159\u00ed\u010dinu sou\u010dasn\u00fdch obt\u00ed\u017e\u00ed, kter\u00e9 \u010dlov\u011bka tr\u00e1p\u00ed. On s\u00e1m je zdrojem jejich \u0159e\u0161en\u00ed, pokud je ochoten s terapeutem spolupracovat. Je vhodn\u00e1 pro v\u0161echny osoby bez ohledu na v\u011bk nebo diagn\u00f3zu. \u00da\u010dinky t\u00e9to terapie se projev\u00ed individu\u00e1ln\u011b v z\u00e1vislosti na konkr\u00e9tn\u00edm probl\u00e9mu a osobnosti klienta v r\u00e1mci n\u011bkolika dn\u016f, t\u00fddn\u016f, n\u011bkdy i m\u011bs\u00edc\u016f.<\/p>\n\n\n\n<hr class=\"wp-block-separator has-alpha-channel-opacity\"\/>\n\n\n\n<h3 class=\"wp-block-heading\" id=\"wnd_TextBlock_11413_inner_0\">Kdy dok\u00e1\u017ee pomoci?<\/h3>\n\n\n\n<ul class=\"wp-block-list\">\n<li>d\u011btem:&nbsp; strachy, \u00fazkosti, kokt\u00e1n\u00ed, tiky, opakovan\u00e9 nemoci, ekz\u00e9my, astma, vztek, pot\u00ed\u017ee se soust\u0159ed\u011bn\u00edm nebo u\u010den\u00edm, alergie, pomo\u010dov\u00e1n\u00ed, kous\u00e1n\u00ed neht\u016f, pot\u00ed\u017ee se sp\u00e1nkem, hyperaktivita, z\u00e1vislosti a jin\u00e9..<\/li>\n\n\n\n<li>teenager\u016fm:&nbsp; \u00fazkosti, strachy, posttraumatick\u00e9 stavy, sebep\u0159ijet\u00ed, n\u00edzk\u00e9 sebev\u011bdom\u00ed, tr\u00e9ma, vztahy s vrstevn\u00edky, sourozenci, rodi\u010di, poruchy p\u0159\u00edjmu potravy, sebepo\u0161kozov\u00e1n\u00ed a jak\u00e9koli jin\u00e9 obt\u00ed\u017ee<\/li>\n\n\n\n<li>dosp\u011bl\u00fdm:&nbsp; &nbsp; &nbsp; &nbsp; &nbsp; &nbsp; &nbsp; &nbsp; &nbsp; &nbsp; &nbsp; jak\u00e9koli nemoci \u010di fyzick\u00e9 bolesti,&nbsp; psychick\u00e9 obt\u00ed\u017ee (deprese, \u00fazkosti, panick\u00e9 ataky),&nbsp; &nbsp; &nbsp; &nbsp; &nbsp; &nbsp; &nbsp; &nbsp; &nbsp; &nbsp; &nbsp; &nbsp; &nbsp; &nbsp; &nbsp; &nbsp; &nbsp; &nbsp; &nbsp; &nbsp; &nbsp; &nbsp;nevy\u0159e\u0161en\u00e9 vztahy, vyrovn\u00e1n\u00ed se se ztr\u00e1tou<\/li>\n<\/ul>\n\n\n\n<p>&#8230; a v mnoha dal\u0161\u00edch p\u0159\u00edpadech<\/p>\n\n\n\n<hr class=\"wp-block-separator has-alpha-channel-opacity\"\/>\n\n\n\n<h3 class=\"wp-block-heading\">A jak to d\u011bl\u00e1m j\u00e1?<\/h3>\n\n\n\n<p>P\u0159ed zah\u00e1jen\u00edm terapie sep\u00ed\u0161eme s klientem kr\u00e1tk\u00fd dotazn\u00edk, pojmenujeme spole\u010dn\u011b probl\u00e9m, kter\u00fd chce \u0159e\u0161it a vyjasn\u00edme si pravidla, z\u00e1m\u011br a pr\u016fb\u011bh terapie. Pot\u00e9 provedeme svalov\u00fd test a pomoc\u00ed jemn\u00fdch korek\u010dn\u00edch technik prob\u00edh\u00e1 kineziologick\u00fd odblok. Cel\u00e1 terapie trv\u00e1 2 &#8211; 3 hodiny. D\u016fle\u017eit\u00e1 je vz\u00e1jemn\u00e1 d\u016fv\u011bra a zejm\u00e9na klientova ochota se do probl\u00e9mu pono\u0159it.&nbsp;<\/p>\n","protected":false},"excerpt":{"rendered":"<p>Poj\u010fme spole\u010dn\u011b odblokovat p\u0159\u00ed\u010dinu va\u0161ich sou\u010dasn\u00fdch obt\u00ed\u017e\u00ed&#8230; Kineziologie One Brain je nen\u00e1siln\u00e1 terapeutick\u00e1 metoda, kter\u00e1 dok\u00e1\u017ee pomoci&nbsp; p\u0159i&#8230;<\/p>\n","protected":false},"author":1,"featured_media":472,"parent":0,"menu_order":0,"comment_status":"closed","ping_status":"closed","template":"","meta":{"footnotes":""},"class_list":["post-487","page","type-page","status-publish","has-post-thumbnail"],"_links":{"self":[{"href":"https:\/\/srdcebit.com\/index.php\/wp-json\/wp\/v2\/pages\/487","targetHints":{"allow":["GET"]}}],"collection":[{"href":"https:\/\/srdcebit.com\/index.php\/wp-json\/wp\/v2\/pages"}],"about":[{"href":"https:\/\/srdcebit.com\/index.php\/wp-json\/wp\/v2\/types\/page"}],"author":[{"embeddable":true,"href":"https:\/\/srdcebit.com\/index.php\/wp-json\/wp\/v2\/users\/1"}],"replies":[{"embeddable":true,"href":"https:\/\/srdcebit.com\/index.php\/wp-json\/wp\/v2\/comments?post=487"}],"version-history":[{"count":3,"href":"https:\/\/srdcebit.com\/index.php\/wp-json\/wp\/v2\/pages\/487\/revisions"}],"predecessor-version":[{"id":538,"href":"https:\/\/srdcebit.com\/index.php\/wp-json\/wp\/v2\/pages\/487\/revisions\/538"}],"wp:featuredmedia":[{"embeddable":true,"href":"https:\/\/srdcebit.com\/index.php\/wp-json\/wp\/v2\/media\/472"}],"wp:attachment":[{"href":"https:\/\/srdcebit.com\/index.php\/wp-json\/wp\/v2\/media?parent=487"}],"curies":[{"name":"wp","href":"https:\/\/api.w.org\/{rel}","templated":true}]}}